{"id":8349,"date":"2022-02-21T16:14:54","date_gmt":"2022-02-21T16:14:54","guid":{"rendered":"http:\/\/themestate.com\/demo\/woodson\/services"},"modified":"2025-08-17T14:43:41","modified_gmt":"2025-08-17T12:43:41","slug":"services","status":"publish","type":"page","link":"https:\/\/robinvollen.com\/index.php\/services\/","title":{"rendered":"Services d&#8217;\u00e9lagage, d&#8217;abattage, de d\u00e9ssouchage, am\u00e9nagement d&#8217;espace vert, entretien des parc et jardin"},"content":{"rendered":"\t\t<div data-elementor-type=\"wp-page\" data-elementor-id=\"8349\" class=\"elementor elementor-8349\">\n\t\t\t\t\t\t<section class=\"elementor-section elementor-top-section elementor-element elementor-element-28b45e9f elementor-section-full_width elementor-section-height-default elementor-section-height-default\" data-id=\"28b45e9f\" data-element_type=\"section\" data-e-type=\"section\">\n\t\t\t\t\t\t<div class=\"elementor-container elementor-column-gap-no\">\n\t\t\t\t\t<div class=\"elementor-column elementor-col-100 elementor-top-column elementor-element elementor-element-65d156e8\" data-id=\"65d156e8\" data-element_type=\"column\" data-e-type=\"column\">\n\t\t\t<div class=\"elementor-widget-wrap elementor-element-populated\">\n\t\t\t\t\t\t<div class=\"elementor-element elementor-element-5a0bce06 elementor-widget elementor-widget-wp-widget-localbusiness_slider_widget\" data-id=\"5a0bce06\" data-element_type=\"widget\" data-e-type=\"widget\" data-widget_type=\"wp-widget-localbusiness_slider_widget.default\">\n\t\t\t\t<div class=\"elementor-widget-container\">\n\t\t\t\t\t\t\t\r\n\t\t            \r\n\t\t\t            \r\n            <div class=\"tmnf_eleslider_wrap tmnf_dots_enabled\">\r\n            \r\n                <img decoding=\"async\" src=\"https:\/\/robinvollen.com\/wp-content\/plugins\/local-business-addons\/assets\/images\/tail-spin.svg\" width=\"40\" alt=\"\">\r\n                \r\n                <div class=\"tmnf_eleslider loop owl-carousel loading\">\r\n                \r\n\t\t\t\t\t        \r\n                                                      \r\n                        <div class=\"eleinside eleinside_\" data-dot=\"\u00c9lagage\">\r\n                            \r\n                                                            \r\n                                <img fetchpriority=\"high\" decoding=\"async\" width=\"1820\" height=\"780\" src=\"https:\/\/robinvollen.com\/wp-content\/uploads\/2022\/05\/vlcsnap-2025-07-19-21h39m43s730-1820x780.jpg\" class=\"tranz bg_image wp-post-image\" alt=\"\" \/>                            \r\n                            \t<div class=\"slider_overlay\"><\/div>\r\n                            \r\n                            \t<a class=\"slider_overlay_small\" href=\"\"><\/a>\r\n                                \r\n                                                        \r\n                            <div class=\"eleslideinside tranz \">\r\n                            \r\n                                <p>&nbsp;<\/p>\n<h2>\u00c9lagage<\/h2>\n<p>Tailler sans blesser, all\u00e9ger sans d\u00e9naturer. Chaque intervention est r\u00e9fl\u00e9chie pour pr\u00e9server la sant\u00e9 de l\u2019arbre et la s\u00e9curit\u00e9 de son environnement.<\/p>\n                            \r\n                            <\/div>\r\n                                    \r\n                        <\/div>\r\n                        \r\n                        \r\n                                                      \r\n                        <div class=\"eleinside eleinside_\" data-dot=\"Abattage\">\r\n                            \r\n                                                            \r\n                                <img decoding=\"async\" width=\"1820\" height=\"780\" src=\"https:\/\/robinvollen.com\/wp-content\/uploads\/2022\/05\/A015_C114_04287M.0006936-1820x780.jpg\" class=\"tranz bg_image wp-post-image\" alt=\"\" \/>                            \r\n                            \t<div class=\"slider_overlay\"><\/div>\r\n                            \r\n                            \t<a class=\"slider_overlay_small\" href=\"\"><\/a>\r\n                                \r\n                                                        \r\n                            <div class=\"eleslideinside tranz \">\r\n                            \r\n                                <p>&nbsp;<\/p>\n<h2>Abattage<\/h2>\n<p>Quand l\u2019abattage devient n\u00e9cessaire, il est r\u00e9alis\u00e9 avec pr\u00e9cision et m\u00e9thode, dans le respect total de la s\u00e9curit\u00e9 et du cadre naturel.<\/p>\n                            \r\n                            <\/div>\r\n                                    \r\n                        <\/div>\r\n                        \r\n                        \r\n                                                      \r\n                        <div class=\"eleinside eleinside_\" data-dot=\"am\u00e9nagement\">\r\n                            \r\n                                                            \r\n                                <img decoding=\"async\" width=\"1820\" height=\"780\" src=\"https:\/\/robinvollen.com\/wp-content\/uploads\/2022\/05\/IMG_7032-copie-1820x780.jpg\" class=\"tranz bg_image wp-post-image\" alt=\"\" \/>                            \r\n                            \t<div class=\"slider_overlay\"><\/div>\r\n                            \r\n                            \t<a class=\"slider_overlay_small\" href=\"\"><\/a>\r\n                                \r\n                                                        \r\n                            <div class=\"eleslideinside tranz \">\r\n                            \r\n                                <p>&nbsp;<\/p>\n<h2>Am\u00e9nagement<\/h2>\n<p>Cr\u00e9er, structurer, valoriser : l\u2019am\u00e9nagement paysager transforme vos id\u00e9es en lieux de vie. Une approche sur mesure, durable et esth\u00e9tique.<\/p>\n                            \r\n                            <\/div>\r\n                                    \r\n                        <\/div>\r\n                        \r\n                        \r\n                                                      \r\n                        <div class=\"eleinside eleinside_\" data-dot=\"Dessouchage\">\r\n                            \r\n                                                            \r\n                                <img loading=\"lazy\" decoding=\"async\" width=\"1820\" height=\"780\" src=\"https:\/\/robinvollen.com\/wp-content\/uploads\/2022\/05\/dessouchage-1820x780.jpg\" class=\"tranz bg_image wp-post-image\" alt=\"\" \/>                            \r\n                            \t<div class=\"slider_overlay\"><\/div>\r\n                            \r\n                            \t<a class=\"slider_overlay_small\" href=\"\"><\/a>\r\n                                \r\n                                                        \r\n                            <div class=\"eleslideinside tranz \">\r\n                            \r\n                                <h2><\/h2>\n<h2><strong>Dessouchage<\/strong><\/h2>\n<p class=\"elementor-image-box-description\">Apr\u00e8s l\u2019abattage, place nette. Le dessouchage permet de lib\u00e9rer l\u2019espace en profondeur, pour repartir sur une base saine, sans compromis.<\/p>\n                            \r\n                            <\/div>\r\n                                    \r\n                        <\/div>\r\n                        \r\n                        \r\n                                                      \r\n                        <div class=\"eleinside eleinside_\" data-dot=\"Entretien parc et jardin\">\r\n                            \r\n                                                            \r\n                                <img loading=\"lazy\" decoding=\"async\" width=\"1479\" height=\"780\" src=\"https:\/\/robinvollen.com\/wp-content\/uploads\/2022\/03\/entretien-robin-vollen.jpg\" class=\"tranz bg_image wp-post-image\" alt=\"\" \/>                            \r\n                            \t<div class=\"slider_overlay\"><\/div>\r\n                            \r\n                            \t<a class=\"slider_overlay_small\" href=\"\"><\/a>\r\n                                \r\n                                                        \r\n                            <div class=\"eleslideinside tranz \">\r\n                            \r\n                                <p>&nbsp;<\/p>\n<h2>Entretien parc et jardin<\/h2>\n<p>Un suivi r\u00e9gulier et soign\u00e9 pour valoriser vos ext\u00e9rieurs toute l\u2019ann\u00e9e. Tonte, taille, nettoyage : chaque geste compte pour un jardin vivant et harmonieux.<\/p>\n                            \r\n                            <\/div>\r\n                                    \r\n                        <\/div>\r\n                        \r\n                                \r\n\t\t\t    <\/div> <!-- end .localbusiness_eleslider -->\r\n                \r\n    \t\t<\/div> <!-- end .localbusiness_eleslider_wrap -->\r\n            \r\n\t\t\t<div class=\"clearfix\"><\/div>\r\n\t\t\r\n\t\t\t\t\t\t<\/div>\n\t\t\t\t<\/div>\n\t\t\t\t\t<\/div>\n\t\t<\/div>\n\t\t\t\t\t<\/div>\n\t\t<\/section>\n\t\t\t\t<section class=\"elementor-section elementor-top-section elementor-element elementor-element-b6a1bec elementor-reverse-mobile elementor-section-boxed elementor-section-height-default elementor-section-height-default\" data-id=\"b6a1bec\" data-element_type=\"section\" data-e-type=\"section\">\n\t\t\t\t\t\t<div class=\"elementor-container elementor-column-gap-wide\">\n\t\t\t\t\t<div class=\"elementor-column elementor-col-50 elementor-top-column elementor-element elementor-element-d6717d3\" data-id=\"d6717d3\" data-element_type=\"column\" data-e-type=\"column\">\n\t\t\t<div class=\"elementor-widget-wrap elementor-element-populated\">\n\t\t\t\t\t\t<div class=\"elementor-element elementor-element-cfedde2 elementor-widget elementor-widget-heading\" data-id=\"cfedde2\" data-element_type=\"widget\" data-e-type=\"widget\" data-widget_type=\"heading.default\">\n\t\t\t\t<div class=\"elementor-widget-container\">\n\t\t\t\t\t<h1 class=\"elementor-heading-title elementor-size-default\">Nos services : une expertise compl\u00e8te pour vos espaces verts<\/h1>\t\t\t\t<\/div>\n\t\t\t\t<\/div>\n\t\t\t\t<div class=\"elementor-element elementor-element-325e705 elementor-widget elementor-widget-text-editor\" data-id=\"325e705\" data-element_type=\"widget\" data-e-type=\"widget\" data-widget_type=\"text-editor.default\">\n\t\t\t\t<div class=\"elementor-widget-container\">\n\t\t\t\t\t\t\t\t\t<p>\u00a0Nous proposons une gamme compl\u00e8te de services pour entretenir, s\u00e9curiser et valoriser vos ext\u00e9rieurs, qu\u2019il s\u2019agisse de jardins priv\u00e9s, d\u2019espaces verts d\u2019entreprise ou d\u2019am\u00e9nagements publics.<\/p><p>\u00a0<\/p><p>Notre mission : intervenir avec rigueur et savoir-faire sur l\u2019ensemble du cycle de vie des arbres et des v\u00e9g\u00e9taux, tout en tenant compte des contraintes techniques, esth\u00e9tiques et environnementales propres \u00e0 chaque site.<\/p><p>\u00a0<\/p><p data-start=\"534\" data-end=\"1069\">Du simple entretien \u00e0 la gestion globale de vos espaces verts, chaque intervention est r\u00e9alis\u00e9e avec soin, en tenant compte des caract\u00e9ristiques du terrain, des saisons, et surtout, de vos attentes. Nous travaillons dans une logique durable, respectueuse du vivant, en adaptant nos m\u00e9thodes \u00e0 chaque situation.<\/p><p data-start=\"534\" data-end=\"1069\">\u00a0<\/p><p data-start=\"534\" data-end=\"1069\">Que vous ayez besoin d\u2019une taille pr\u00e9cise, d\u2019un abattage s\u00e9curis\u00e9, d\u2019un dessouchage en profondeur ou d\u2019un projet d\u2019am\u00e9nagement complet, vous pouvez compter sur une expertise fond\u00e9e sur l\u2019\u00e9coute, la pr\u00e9cision et l\u2019engagement.<\/p>\t\t\t\t\t\t\t\t<\/div>\n\t\t\t\t<\/div>\n\t\t\t\t\t<\/div>\n\t\t<\/div>\n\t\t\t\t<div class=\"elementor-column elementor-col-50 elementor-top-column elementor-element elementor-element-270a1b7\" data-id=\"270a1b7\" data-element_type=\"column\" data-e-type=\"column\">\n\t\t\t<div class=\"elementor-widget-wrap elementor-element-populated\">\n\t\t\t\t\t\t<div class=\"elementor-element elementor-element-52b8052 elementor-widget elementor-widget-image\" data-id=\"52b8052\" data-element_type=\"widget\" data-e-type=\"widget\" data-widget_type=\"image.default\">\n\t\t\t\t<div class=\"elementor-widget-container\">\n\t\t\t\t\t\t\t\t\t\t\t\t\t\t\t<img loading=\"lazy\" decoding=\"async\" width=\"1113\" height=\"1488\" src=\"https:\/\/robinvollen.com\/wp-content\/uploads\/2025\/06\/IMG_8552.png\" class=\"attachment-full size-full wp-image-10523\" alt=\"\" srcset=\"https:\/\/robinvollen.com\/wp-content\/uploads\/2025\/06\/IMG_8552.png 1113w, https:\/\/robinvollen.com\/wp-content\/uploads\/2025\/06\/IMG_8552-224x300.png 224w, https:\/\/robinvollen.com\/wp-content\/uploads\/2025\/06\/IMG_8552-766x1024.png 766w, https:\/\/robinvollen.com\/wp-content\/uploads\/2025\/06\/IMG_8552-768x1027.png 768w\" sizes=\"(max-width: 1113px) 100vw, 1113px\" \/>\t\t\t\t\t\t\t\t\t\t\t\t\t\t\t<\/div>\n\t\t\t\t<\/div>\n\t\t\t\t\t<\/div>\n\t\t<\/div>\n\t\t\t\t\t<\/div>\n\t\t<\/section>\n\t\t\t\t<section class=\"elementor-section elementor-top-section elementor-element elementor-element-4541f6a7 elementor-section-full_width elementor-section-height-default elementor-section-height-default\" data-id=\"4541f6a7\" data-element_type=\"section\" data-e-type=\"section\" data-settings=\"{&quot;background_background&quot;:&quot;classic&quot;}\">\n\t\t\t\t\t\t<div class=\"elementor-container elementor-column-gap-wider\">\n\t\t\t\t\t<div class=\"elementor-column elementor-col-100 elementor-top-column elementor-element elementor-element-43f1b077\" data-id=\"43f1b077\" data-element_type=\"column\" data-e-type=\"column\">\n\t\t\t<div class=\"elementor-widget-wrap elementor-element-populated\">\n\t\t\t\t\t\t<section class=\"elementor-section elementor-inner-section elementor-element elementor-element-7e7b763f elementor-section-full_width elementor-section-height-default elementor-section-height-default\" data-id=\"7e7b763f\" data-element_type=\"section\" data-e-type=\"section\">\n\t\t\t\t\t\t<div class=\"elementor-container elementor-column-gap-default\">\n\t\t\t\t\t<div class=\"elementor-column elementor-col-20 elementor-inner-column elementor-element elementor-element-68017859\" data-id=\"68017859\" data-element_type=\"column\" data-e-type=\"column\" data-settings=\"{&quot;background_background&quot;:&quot;classic&quot;}\">\n\t\t\t<div class=\"elementor-widget-wrap elementor-element-populated\">\n\t\t\t\t\t\t<div class=\"elementor-element elementor-element-25f077d6 elementor-position-top elementor-widget elementor-widget-image-box\" data-id=\"25f077d6\" data-element_type=\"widget\" data-e-type=\"widget\" data-widget_type=\"image-box.default\">\n\t\t\t\t<div class=\"elementor-widget-container\">\n\t\t\t\t\t<div class=\"elementor-image-box-wrapper\"><figure class=\"elementor-image-box-img\"><a href=\"http:\/\/robinvollen.com\/index.php\/services\/\" tabindex=\"-1\"><img loading=\"lazy\" decoding=\"async\" width=\"256\" height=\"256\" src=\"https:\/\/robinvollen.com\/wp-content\/uploads\/2023\/06\/003-cutter-machine.png\" class=\"attachment-full size-full wp-image-10252\" alt=\"\" srcset=\"https:\/\/robinvollen.com\/wp-content\/uploads\/2023\/06\/003-cutter-machine.png 256w, https:\/\/robinvollen.com\/wp-content\/uploads\/2023\/06\/003-cutter-machine-150x150.png 150w, https:\/\/robinvollen.com\/wp-content\/uploads\/2023\/06\/003-cutter-machine-80x80.png 80w\" sizes=\"(max-width: 256px) 100vw, 256px\" \/><\/a><\/figure><div class=\"elementor-image-box-content\"><h4 class=\"elementor-image-box-title\"><a href=\"http:\/\/robinvollen.com\/index.php\/services\/\">Elagage<\/a><\/h4><p class=\"elementor-image-box-description\">C'est tailler sans blesser, all\u00e9ger sans d\u00e9naturer. Chaque intervention est r\u00e9fl\u00e9chie afin de pr\u00e9server la sant\u00e9 de l\u2019arbre et la s\u00e9curit\u00e9 de son environnement.<\/p><\/div><\/div>\t\t\t\t<\/div>\n\t\t\t\t<\/div>\n\t\t\t\t\t<\/div>\n\t\t<\/div>\n\t\t\t\t<div class=\"elementor-column elementor-col-20 elementor-inner-column elementor-element elementor-element-64ddff6a\" data-id=\"64ddff6a\" data-element_type=\"column\" data-e-type=\"column\" data-settings=\"{&quot;background_background&quot;:&quot;classic&quot;}\">\n\t\t\t<div class=\"elementor-widget-wrap elementor-element-populated\">\n\t\t\t\t\t\t<div class=\"elementor-element elementor-element-79ed1c25 elementor-position-top elementor-widget elementor-widget-image-box\" data-id=\"79ed1c25\" data-element_type=\"widget\" data-e-type=\"widget\" data-widget_type=\"image-box.default\">\n\t\t\t\t<div class=\"elementor-widget-container\">\n\t\t\t\t\t<div class=\"elementor-image-box-wrapper\"><figure class=\"elementor-image-box-img\"><a href=\"http:\/\/robinvollen.com\/index.php\/services\/\" tabindex=\"-1\"><img loading=\"lazy\" decoding=\"async\" width=\"256\" height=\"256\" src=\"https:\/\/robinvollen.com\/wp-content\/uploads\/2023\/06\/002-logs.png\" class=\"attachment-full size-full wp-image-10251\" alt=\"\" srcset=\"https:\/\/robinvollen.com\/wp-content\/uploads\/2023\/06\/002-logs.png 256w, https:\/\/robinvollen.com\/wp-content\/uploads\/2023\/06\/002-logs-150x150.png 150w, https:\/\/robinvollen.com\/wp-content\/uploads\/2023\/06\/002-logs-80x80.png 80w\" sizes=\"(max-width: 256px) 100vw, 256px\" \/><\/a><\/figure><div class=\"elementor-image-box-content\"><h4 class=\"elementor-image-box-title\"><a href=\"http:\/\/robinvollen.com\/index.php\/services\/\">Abattage<\/a><\/h4><p class=\"elementor-image-box-description\">Si l'abattage devient n\u00e9cessaire, il est r\u00e9alis\u00e9 avec pr\u00e9cision et m\u00e9thode, dans le respect de la pratique et de la connaissance total de la s\u00e9curit\u00e9 et du cadre naturel et des normes en vigueur.<\/p><\/div><\/div>\t\t\t\t<\/div>\n\t\t\t\t<\/div>\n\t\t\t\t\t<\/div>\n\t\t<\/div>\n\t\t\t\t<div class=\"elementor-column elementor-col-20 elementor-inner-column elementor-element elementor-element-7d3932dc\" data-id=\"7d3932dc\" data-element_type=\"column\" data-e-type=\"column\">\n\t\t\t<div class=\"elementor-widget-wrap elementor-element-populated\">\n\t\t\t\t\t\t<div class=\"elementor-element elementor-element-20a5da28 elementor-position-top elementor-widget elementor-widget-image-box\" data-id=\"20a5da28\" data-element_type=\"widget\" data-e-type=\"widget\" data-widget_type=\"image-box.default\">\n\t\t\t\t<div class=\"elementor-widget-container\">\n\t\t\t\t\t<div class=\"elementor-image-box-wrapper\"><figure class=\"elementor-image-box-img\"><a href=\"http:\/\/robinvollen.com\/index.php\/services\/\" tabindex=\"-1\"><img loading=\"lazy\" decoding=\"async\" width=\"421\" height=\"421\" src=\"https:\/\/robinvollen.com\/wp-content\/uploads\/2025\/07\/service-entretien-robin-vollen.png\" class=\"attachment-full size-full wp-image-10827\" alt=\"\" srcset=\"https:\/\/robinvollen.com\/wp-content\/uploads\/2025\/07\/service-entretien-robin-vollen.png 421w, https:\/\/robinvollen.com\/wp-content\/uploads\/2025\/07\/service-entretien-robin-vollen-300x300.png 300w, https:\/\/robinvollen.com\/wp-content\/uploads\/2025\/07\/service-entretien-robin-vollen-150x150.png 150w, https:\/\/robinvollen.com\/wp-content\/uploads\/2025\/07\/service-entretien-robin-vollen-80x80.png 80w\" sizes=\"(max-width: 421px) 100vw, 421px\" \/><\/a><\/figure><div class=\"elementor-image-box-content\"><h4 class=\"elementor-image-box-title\"><a href=\"http:\/\/robinvollen.com\/index.php\/services\/\">Am\u00e9nagement<\/a><\/h4><p class=\"elementor-image-box-description\">Cr\u00e9er, structurer, valoriser : nous vous ferons d\u00e9couvrir les opportunit\u00e9s qu'offrent vos espaces ext\u00e9rieurs en les l'am\u00e9nagement paysager personnalisant vos espaces ext\u00e9rieurs transforme vos id\u00e9es en lieux, en r\u00e9am\u00e9nageant des massifs existants, en plantant des haies ou des prairies fleuries, tout en y int\u00e9grant de mani\u00e8re naturelle, des \u00e9l\u00e9ments massifs (abris, terrasse, palissade..)<\/p><\/div><\/div>\t\t\t\t<\/div>\n\t\t\t\t<\/div>\n\t\t\t\t\t<\/div>\n\t\t<\/div>\n\t\t\t\t<div class=\"elementor-column elementor-col-20 elementor-inner-column elementor-element elementor-element-85a3675\" data-id=\"85a3675\" data-element_type=\"column\" data-e-type=\"column\" data-settings=\"{&quot;background_background&quot;:&quot;classic&quot;}\">\n\t\t\t<div class=\"elementor-widget-wrap elementor-element-populated\">\n\t\t\t\t\t\t<div class=\"elementor-element elementor-element-60c71574 elementor-position-top elementor-widget elementor-widget-image-box\" data-id=\"60c71574\" data-element_type=\"widget\" data-e-type=\"widget\" data-widget_type=\"image-box.default\">\n\t\t\t\t<div class=\"elementor-widget-container\">\n\t\t\t\t\t<div class=\"elementor-image-box-wrapper\"><figure class=\"elementor-image-box-img\"><a href=\"http:\/\/robinvollen.com\/index.php\/services\/\" tabindex=\"-1\"><img loading=\"lazy\" decoding=\"async\" width=\"421\" height=\"421\" src=\"https:\/\/robinvollen.com\/wp-content\/uploads\/2025\/07\/service-entretien-robin-vollen.png\" class=\"attachment-full size-full wp-image-10827\" alt=\"\" srcset=\"https:\/\/robinvollen.com\/wp-content\/uploads\/2025\/07\/service-entretien-robin-vollen.png 421w, https:\/\/robinvollen.com\/wp-content\/uploads\/2025\/07\/service-entretien-robin-vollen-300x300.png 300w, https:\/\/robinvollen.com\/wp-content\/uploads\/2025\/07\/service-entretien-robin-vollen-150x150.png 150w, https:\/\/robinvollen.com\/wp-content\/uploads\/2025\/07\/service-entretien-robin-vollen-80x80.png 80w\" sizes=\"(max-width: 421px) 100vw, 421px\" \/><\/a><\/figure><div class=\"elementor-image-box-content\"><h4 class=\"elementor-image-box-title\"><a href=\"http:\/\/robinvollen.com\/index.php\/services\/\">Entretien parc et jardin<\/a><\/h4><p class=\"elementor-image-box-description\">Un suivi r\u00e9gulier et soign\u00e9 valorisera vos espaces ext\u00e9rieurs toute au long de l'ann\u00e9e. Tonte, taille, plantation, chaque geste compte si vous souhaitez avoir et garder pour un jardin vivant et harmonieux.<\/p><\/div><\/div>\t\t\t\t<\/div>\n\t\t\t\t<\/div>\n\t\t\t\t\t<\/div>\n\t\t<\/div>\n\t\t\t\t<div class=\"elementor-column elementor-col-20 elementor-inner-column elementor-element elementor-element-3e590d6a\" data-id=\"3e590d6a\" data-element_type=\"column\" data-e-type=\"column\" data-settings=\"{&quot;background_background&quot;:&quot;classic&quot;}\">\n\t\t\t<div class=\"elementor-widget-wrap elementor-element-populated\">\n\t\t\t\t\t\t<div class=\"elementor-element elementor-element-273a6253 elementor-position-top elementor-widget elementor-widget-image-box\" data-id=\"273a6253\" data-element_type=\"widget\" data-e-type=\"widget\" data-widget_type=\"image-box.default\">\n\t\t\t\t<div class=\"elementor-widget-container\">\n\t\t\t\t\t<div class=\"elementor-image-box-wrapper\"><figure class=\"elementor-image-box-img\"><a href=\"http:\/\/robinvollen.com\/index.php\/services\/\" tabindex=\"-1\"><img loading=\"lazy\" decoding=\"async\" width=\"421\" height=\"421\" src=\"https:\/\/robinvollen.com\/wp-content\/uploads\/2025\/07\/service-abattage-robin-vollen.png\" class=\"attachment-full size-full wp-image-10824\" alt=\"\" srcset=\"https:\/\/robinvollen.com\/wp-content\/uploads\/2025\/07\/service-abattage-robin-vollen.png 421w, https:\/\/robinvollen.com\/wp-content\/uploads\/2025\/07\/service-abattage-robin-vollen-300x300.png 300w, https:\/\/robinvollen.com\/wp-content\/uploads\/2025\/07\/service-abattage-robin-vollen-150x150.png 150w, https:\/\/robinvollen.com\/wp-content\/uploads\/2025\/07\/service-abattage-robin-vollen-80x80.png 80w\" sizes=\"(max-width: 421px) 100vw, 421px\" \/><\/a><\/figure><div class=\"elementor-image-box-content\"><h4 class=\"elementor-image-box-title\"><a href=\"http:\/\/robinvollen.com\/index.php\/services\/\">Dessouchage<\/a><\/h4><p class=\"elementor-image-box-description\">Apr\u00e8s l'abattage, place nette. Le dessouchage permet de lib\u00e9rer l'espace en profondeur, \u00e9viter la repousse, et pr\u00e9parer la zone pour de futurs projets d'am\u00e9nagement.<\/p><\/div><\/div>\t\t\t\t<\/div>\n\t\t\t\t<\/div>\n\t\t\t\t\t<\/div>\n\t\t<\/div>\n\t\t\t\t\t<\/div>\n\t\t<\/section>\n\t\t\t\t\t<\/div>\n\t\t<\/div>\n\t\t\t\t\t<\/div>\n\t\t<\/section>\n\t\t\t\t<\/div>\n\t\t","protected":false},"excerpt":{"rendered":"<div class=\"tmnf_excerpt\"><p>Nos services : une expertise compl\u00e8te pour vos espaces verts \u00a0Nous proposons une gamme compl\u00e8te de services pour entretenir, s\u00e9curiser et valoriser vos ext\u00e9rieurs, qu\u2019il s\u2019agisse de jardins priv\u00e9s, d\u2019espaces verts d\u2019entreprise ou d\u2019am\u00e9nagements publics.<\/p>\n<\/div>","protected":false},"author":1,"featured_media":0,"parent":0,"menu_order":0,"comment_status":"closed","ping_status":"closed","template":"elementor_header_footer","meta":{"footnotes":""},"class_list":["post-8349","page","type-page","status-publish","hentry"],"aioseo_notices":[],"_links":{"self":[{"href":"https:\/\/robinvollen.com\/index.php\/wp-json\/wp\/v2\/pages\/8349","targetHints":{"allow":["GET"]}}],"collection":[{"href":"https:\/\/robinvollen.com\/index.php\/wp-json\/wp\/v2\/pages"}],"about":[{"href":"https:\/\/robinvollen.com\/index.php\/wp-json\/wp\/v2\/types\/page"}],"author":[{"embeddable":true,"href":"https:\/\/robinvollen.com\/index.php\/wp-json\/wp\/v2\/users\/1"}],"replies":[{"embeddable":true,"href":"https:\/\/robinvollen.com\/index.php\/wp-json\/wp\/v2\/comments?post=8349"}],"version-history":[{"count":92,"href":"https:\/\/robinvollen.com\/index.php\/wp-json\/wp\/v2\/pages\/8349\/revisions"}],"predecessor-version":[{"id":11117,"href":"https:\/\/robinvollen.com\/index.php\/wp-json\/wp\/v2\/pages\/8349\/revisions\/11117"}],"wp:attachment":[{"href":"https:\/\/robinvollen.com\/index.php\/wp-json\/wp\/v2\/media?parent=8349"}],"curies":[{"name":"wp","href":"https:\/\/api.w.org\/{rel}","templated":true}]}}