{"id":6402,"date":"2020-10-07T12:00:28","date_gmt":"2020-10-07T12:00:28","guid":{"rendered":"http:\/\/themestate.com\/demo\/woodson\/about-us"},"modified":"2025-08-11T21:22:45","modified_gmt":"2025-08-11T19:22:45","slug":"about-us","status":"publish","type":"page","link":"https:\/\/robinvollen.com\/index.php\/about-us\/","title":{"rendered":"a propos"},"content":{"rendered":"\t\t<div data-elementor-type=\"wp-page\" data-elementor-id=\"6402\" class=\"elementor elementor-6402\">\n\t\t\t\t\t\t<section class=\"elementor-section elementor-top-section elementor-element elementor-element-38f92595 elementor-section-boxed elementor-section-height-default elementor-section-height-default\" data-id=\"38f92595\" data-element_type=\"section\" data-e-type=\"section\" data-settings=\"{&quot;background_background&quot;:&quot;classic&quot;}\">\n\t\t\t\t\t\t<div class=\"elementor-container elementor-column-gap-no\">\n\t\t\t\t\t<div class=\"elementor-column elementor-col-100 elementor-top-column elementor-element elementor-element-67a6d2da\" data-id=\"67a6d2da\" data-element_type=\"column\" data-e-type=\"column\">\n\t\t\t<div class=\"elementor-widget-wrap elementor-element-populated\">\n\t\t\t\t\t\t<section class=\"elementor-section elementor-inner-section elementor-element elementor-element-3c2228e3 elementor-section-boxed elementor-section-height-default elementor-section-height-default\" data-id=\"3c2228e3\" data-element_type=\"section\" data-e-type=\"section\" data-settings=\"{&quot;background_background&quot;:&quot;classic&quot;}\">\n\t\t\t\t\t\t<div class=\"elementor-container elementor-column-gap-wide\">\n\t\t\t\t\t<div class=\"elementor-column elementor-col-100 elementor-inner-column elementor-element elementor-element-1b13ff6\" data-id=\"1b13ff6\" data-element_type=\"column\" data-e-type=\"column\">\n\t\t\t<div class=\"elementor-widget-wrap elementor-element-populated\">\n\t\t\t\t\t\t<div class=\"elementor-element elementor-element-4a26d52a elementor-widget elementor-widget-heading\" data-id=\"4a26d52a\" data-element_type=\"widget\" data-e-type=\"widget\" data-widget_type=\"heading.default\">\n\t\t\t\t<div class=\"elementor-widget-container\">\n\t\t\t\t\t<h4 class=\"elementor-heading-title elementor-size-default\">de la s\u00e8ve dans le sang<\/h4>\t\t\t\t<\/div>\n\t\t\t\t<\/div>\n\t\t\t\t<div class=\"elementor-element elementor-element-2e985e62 elementor-widget elementor-widget-heading\" data-id=\"2e985e62\" data-element_type=\"widget\" data-e-type=\"widget\" data-widget_type=\"heading.default\">\n\t\t\t\t<div class=\"elementor-widget-container\">\n\t\t\t\t\t<h2 class=\"elementor-heading-title elementor-size-default\">Robin Vollen<\/h2>\t\t\t\t<\/div>\n\t\t\t\t<\/div>\n\t\t\t\t<div class=\"elementor-element elementor-element-e80474c elementor-widget elementor-widget-text-editor\" data-id=\"e80474c\" data-element_type=\"widget\" data-e-type=\"widget\" data-widget_type=\"text-editor.default\">\n\t\t\t\t<div class=\"elementor-widget-container\">\n\t\t\t\t\t\t\t\t\t<p data-start=\"171\" data-end=\"433\">Depuis mon enfance, la nature et les hauteurs me fascinent. De l\u2019escalade \u00e0 la grimpe arboricole, j\u2019ai d\u00e9velopp\u00e9 une relation profonde avec les arbres et leur environnement. Cela fait plus de dix ans que je consacre mon m\u00e9tier \u00e0 leur soin et \u00e0 leur pr\u00e9servation. Mon approche ne se limite pas \u00e0 la taille ou \u00e0 l\u2019\u00e9lagage : j\u2019observe chaque arbre dans son \u00e9cosyst\u00e8me global, en tenant compte des insectes, champignons, conditions climatiques et autres \u00e9l\u00e9ments qui influencent sa sant\u00e9. Je r\u00e9alise \u00e9galement des diagnostics, analyses en laboratoire, gestion des pathog\u00e8nes, plantations et suivi \u00e0 long terme.<\/p><p data-start=\"1048\" data-end=\"1144\">\u00a0<\/p>\t\t\t\t\t\t\t\t<\/div>\n\t\t\t\t<\/div>\n\t\t\t\t<div class=\"elementor-element elementor-element-8dddd0c elementor-widget elementor-widget-video\" data-id=\"8dddd0c\" data-element_type=\"widget\" data-e-type=\"widget\" data-settings=\"{&quot;youtube_url&quot;:&quot;https:\\\/\\\/youtu.be\\\/XuIW9IvyUYY&quot;,&quot;loop&quot;:&quot;yes&quot;,&quot;video_type&quot;:&quot;youtube&quot;,&quot;controls&quot;:&quot;yes&quot;}\" data-widget_type=\"video.default\">\n\t\t\t\t<div class=\"elementor-widget-container\">\n\t\t\t\t\t\t\t<div class=\"elementor-wrapper elementor-open-inline\">\n\t\t\t<div class=\"elementor-video\"><\/div>\t\t<\/div>\n\t\t\t\t\t\t<\/div>\n\t\t\t\t<\/div>\n\t\t\t\t<div class=\"elementor-element elementor-element-9501f5b elementor-widget elementor-widget-text-editor\" data-id=\"9501f5b\" data-element_type=\"widget\" data-e-type=\"widget\" data-widget_type=\"text-editor.default\">\n\t\t\t\t<div class=\"elementor-widget-container\">\n\t\t\t\t\t\t\t\t\t<p data-start=\"780\" data-end=\"1046\"><span style=\"color: #ffffff;\">Que ce soit pour un arbre isol\u00e9, un jardin, un parc ou un espace vert, j\u2019interviens avec pr\u00e9cision, passion et respect de la nature. La s\u00e9curit\u00e9, la rigueur et l\u2019\u00e9coute guident chacune de mes interventions, souvent accompagn\u00e9 de mon fid\u00e8le compagnon \u00e0 quatre pattes.<\/span><\/p><p data-start=\"1048\" data-end=\"1144\"><span style=\"color: #ffffff;\">Mon objectif : contribuer \u00e0 la beaut\u00e9, \u00e0 la sant\u00e9 et \u00e0 l durabilit\u00e9 de notre patrimoine arbor\u00e9.<\/span><\/p><p data-start=\"1048\" data-end=\"1144\">\u00a0<\/p>\t\t\t\t\t\t\t\t<\/div>\n\t\t\t\t<\/div>\n\t\t\t\t\t<\/div>\n\t\t<\/div>\n\t\t\t\t\t<\/div>\n\t\t<\/section>\n\t\t\t\t\t<\/div>\n\t\t<\/div>\n\t\t\t\t\t<\/div>\n\t\t<\/section>\n\t\t\t\t<section class=\"elementor-section elementor-top-section elementor-element elementor-element-cb276bf elementor-hidden-mobile elementor-section-boxed elementor-section-height-default elementor-section-height-default\" data-id=\"cb276bf\" data-element_type=\"section\" data-e-type=\"section\" data-settings=\"{&quot;background_background&quot;:&quot;classic&quot;}\">\n\t\t\t\t\t\t<div class=\"elementor-container elementor-column-gap-wide\">\n\t\t\t\t\t<div class=\"elementor-column elementor-col-16 elementor-top-column elementor-element elementor-element-cabdc35\" data-id=\"cabdc35\" data-element_type=\"column\" data-e-type=\"column\">\n\t\t\t<div class=\"elementor-widget-wrap\">\n\t\t\t\t\t\t\t<\/div>\n\t\t<\/div>\n\t\t\t\t<div class=\"elementor-column elementor-col-16 elementor-top-column elementor-element elementor-element-7b83388\" data-id=\"7b83388\" data-element_type=\"column\" data-e-type=\"column\">\n\t\t\t<div class=\"elementor-widget-wrap\">\n\t\t\t\t\t\t\t<\/div>\n\t\t<\/div>\n\t\t\t\t<div class=\"elementor-column elementor-col-16 elementor-top-column elementor-element elementor-element-07806dd\" data-id=\"07806dd\" data-element_type=\"column\" data-e-type=\"column\">\n\t\t\t<div class=\"elementor-widget-wrap elementor-element-populated\">\n\t\t\t\t\t\t<div class=\"elementor-element elementor-element-479dc88 elementor-widget elementor-widget-image\" data-id=\"479dc88\" data-element_type=\"widget\" data-e-type=\"widget\" data-widget_type=\"image.default\">\n\t\t\t\t<div class=\"elementor-widget-container\">\n\t\t\t\t\t\t\t\t\t\t\t\t\t\t\t<img fetchpriority=\"high\" decoding=\"async\" width=\"1024\" height=\"220\" src=\"https:\/\/robinvollen.com\/wp-content\/uploads\/2025\/06\/Fichier-2RCdPTNgn-1024x220.png\" class=\"attachment-large size-large wp-image-10450\" alt=\"\" srcset=\"https:\/\/robinvollen.com\/wp-content\/uploads\/2025\/06\/Fichier-2RCdPTNgn-1024x220.png 1024w, https:\/\/robinvollen.com\/wp-content\/uploads\/2025\/06\/Fichier-2RCdPTNgn-300x65.png 300w, https:\/\/robinvollen.com\/wp-content\/uploads\/2025\/06\/Fichier-2RCdPTNgn-768x165.png 768w, https:\/\/robinvollen.com\/wp-content\/uploads\/2025\/06\/Fichier-2RCdPTNgn-1536x331.png 1536w, https:\/\/robinvollen.com\/wp-content\/uploads\/2025\/06\/Fichier-2RCdPTNgn-2048x441.png 2048w\" sizes=\"(max-width: 1024px) 100vw, 1024px\" \/>\t\t\t\t\t\t\t\t\t\t\t\t\t\t\t<\/div>\n\t\t\t\t<\/div>\n\t\t\t\t\t<\/div>\n\t\t<\/div>\n\t\t\t\t<div class=\"elementor-column elementor-col-16 elementor-top-column elementor-element elementor-element-f430715\" data-id=\"f430715\" data-element_type=\"column\" data-e-type=\"column\">\n\t\t\t<div class=\"elementor-widget-wrap elementor-element-populated\">\n\t\t\t\t\t\t<div class=\"elementor-element elementor-element-65bf315 elementor-widget elementor-widget-image\" data-id=\"65bf315\" data-element_type=\"widget\" data-e-type=\"widget\" data-widget_type=\"image.default\">\n\t\t\t\t<div class=\"elementor-widget-container\">\n\t\t\t\t\t\t\t\t\t\t\t\t\t\t\t<img decoding=\"async\" width=\"549\" height=\"123\" src=\"https:\/\/robinvollen.com\/wp-content\/uploads\/2025\/06\/teufelberger-logo.png\" class=\"attachment-large size-large wp-image-10449\" alt=\"\" srcset=\"https:\/\/robinvollen.com\/wp-content\/uploads\/2025\/06\/teufelberger-logo.png 549w, https:\/\/robinvollen.com\/wp-content\/uploads\/2025\/06\/teufelberger-logo-300x67.png 300w\" sizes=\"(max-width: 549px) 100vw, 549px\" \/>\t\t\t\t\t\t\t\t\t\t\t\t\t\t\t<\/div>\n\t\t\t\t<\/div>\n\t\t\t\t\t<\/div>\n\t\t<\/div>\n\t\t\t\t<div class=\"elementor-column elementor-col-16 elementor-top-column elementor-element elementor-element-c0edc19\" data-id=\"c0edc19\" data-element_type=\"column\" data-e-type=\"column\">\n\t\t\t<div class=\"elementor-widget-wrap\">\n\t\t\t\t\t\t\t<\/div>\n\t\t<\/div>\n\t\t\t\t<div class=\"elementor-column elementor-col-16 elementor-top-column elementor-element elementor-element-3aef7dc\" data-id=\"3aef7dc\" data-element_type=\"column\" data-e-type=\"column\">\n\t\t\t<div class=\"elementor-widget-wrap\">\n\t\t\t\t\t\t\t<\/div>\n\t\t<\/div>\n\t\t\t\t\t<\/div>\n\t\t<\/section>\n\t\t\t\t<\/div>\n\t\t","protected":false},"excerpt":{"rendered":"<div class=\"tmnf_excerpt\"><p>de la s\u00e8ve dans le sang Robin Vollen Depuis mon enfance, la nature et les hauteurs me fascinent. De l\u2019escalade \u00e0 la grimpe arboricole, j\u2019ai d\u00e9velopp\u00e9 une relation profonde avec les arbres et leur environnement.<\/p>\n<\/div>","protected":false},"author":1,"featured_media":10576,"parent":0,"menu_order":0,"comment_status":"closed","ping_status":"closed","template":"elementor_header_footer","meta":{"footnotes":""},"class_list":["post-6402","page","type-page","status-publish","has-post-thumbnail","hentry"],"aioseo_notices":[],"_links":{"self":[{"href":"https:\/\/robinvollen.com\/index.php\/wp-json\/wp\/v2\/pages\/6402","targetHints":{"allow":["GET"]}}],"collection":[{"href":"https:\/\/robinvollen.com\/index.php\/wp-json\/wp\/v2\/pages"}],"about":[{"href":"https:\/\/robinvollen.com\/index.php\/wp-json\/wp\/v2\/types\/page"}],"author":[{"embeddable":true,"href":"https:\/\/robinvollen.com\/index.php\/wp-json\/wp\/v2\/users\/1"}],"replies":[{"embeddable":true,"href":"https:\/\/robinvollen.com\/index.php\/wp-json\/wp\/v2\/comments?post=6402"}],"version-history":[{"count":89,"href":"https:\/\/robinvollen.com\/index.php\/wp-json\/wp\/v2\/pages\/6402\/revisions"}],"predecessor-version":[{"id":11079,"href":"https:\/\/robinvollen.com\/index.php\/wp-json\/wp\/v2\/pages\/6402\/revisions\/11079"}],"wp:featuredmedia":[{"embeddable":true,"href":"https:\/\/robinvollen.com\/index.php\/wp-json\/wp\/v2\/media\/10576"}],"wp:attachment":[{"href":"https:\/\/robinvollen.com\/index.php\/wp-json\/wp\/v2\/media?parent=6402"}],"curies":[{"name":"wp","href":"https:\/\/api.w.org\/{rel}","templated":true}]}}